{"id":18703,"date":"2024-01-14T19:09:04","date_gmt":"2024-01-14T19:09:04","guid":{"rendered":"https:\/\/spconta-aveiro.pt\/contabilidade\/?page_id=18703"},"modified":"2025-06-08T22:45:04","modified_gmt":"2025-06-08T22:45:04","slug":"servicos","status":"publish","type":"page","link":"https:\/\/spconta-aveiro.pt\/contabilidade\/servicos\/","title":{"rendered":"Servi\u00e7os"},"content":{"rendered":"\t\t<div data-elementor-type=\"wp-page\" data-elementor-id=\"18703\" class=\"elementor elementor-18703\">\n\t\t\t\t\t\t<section class=\"elementor-section elementor-top-section elementor-element elementor-element-2f63a08 elementor-section-boxed elementor-section-height-default elementor-section-height-default sc_fly_static\" data-id=\"2f63a08\" data-element_type=\"section\">\n\t\t\t\t\t\t<div class=\"elementor-container elementor-column-gap-extended\">\n\t\t\t\t\t<div class=\"elementor-column elementor-col-100 elementor-top-column elementor-element elementor-element-0937262 sc_content_align_inherit sc_layouts_column_icons_position_left sc_fly_static\" data-id=\"0937262\" data-element_type=\"column\">\n\t\t\t<div class=\"elementor-widget-wrap elementor-element-populated\">\n\t\t\t\t\t\t<div class=\"elementor-element elementor-element-9c3bbfe sc_height_huge sc_fly_static elementor-widget elementor-widget-spacer\" data-id=\"9c3bbfe\" data-element_type=\"widget\" data-widget_type=\"spacer.default\">\n\t\t\t\t<div class=\"elementor-widget-container\">\n\t\t\t\t\t\t\t<div class=\"elementor-spacer\">\n\t\t\t<div class=\"elementor-spacer-inner\"><\/div>\n\t\t<\/div>\n\t\t\t\t\t\t<\/div>\n\t\t\t\t<\/div>\n\t\t\t\t\t<\/div>\n\t\t<\/div>\n\t\t\t\t\t<\/div>\n\t\t<\/section>\n\t\t\t\t<section class=\"elementor-section elementor-top-section elementor-element elementor-element-87bf96a elementor-section-content-middle elementor-section-boxed elementor-section-height-default elementor-section-height-default sc_fly_static\" data-id=\"87bf96a\" data-element_type=\"section\">\n\t\t\t\t\t\t<div class=\"elementor-container elementor-column-gap-extended\">\n\t\t\t\t\t<div class=\"elementor-column elementor-col-50 elementor-top-column elementor-element elementor-element-0d6df0d sc_content_align_inherit sc_layouts_column_icons_position_left sc_fly_static\" data-id=\"0d6df0d\" data-element_type=\"column\">\n\t\t\t<div class=\"elementor-widget-wrap elementor-element-populated\">\n\t\t\t\t\t\t<div class=\"elementor-element elementor-element-1991fc9 sc_fly_static elementor-widget elementor-widget-trx_sc_title\" data-id=\"1991fc9\" data-element_type=\"widget\" data-widget_type=\"trx_sc_title.default\">\n\t\t\t\t<div class=\"elementor-widget-container\">\n\t\t\t\t\t<div\t\tclass=\"sc_title sc_title_default\" ><span class=\"sc_item_subtitle sc_title_subtitle sc_item_subtitle_above sc_item_title_style_default\">SP CONTA - Contabilidade e Gest\u00e3o de Empresas<\/span><h1 class=\"sc_item_title sc_title_title sc_item_title_style_default sc_item_title_tag\"\n\t\t\t><span class=\"sc_item_title_text\">Os Nossos Compromissos<\/span><\/h1><div class=\"sc_item_descr sc_title_descr\"><p>Facultamos aos nossos clientes o acesso em qualquer parte do Mundo aos elementos das suas empresas (consultas a movimentos, extractos de contas-correntes, balancetes, mapas de gest\u00e3o e outros), alojados na nossa empresa apenas \u00e0 dist\u00e2ncia de um clique.<\/p>\n<\/div><\/div>\t\t\t\t<\/div>\n\t\t\t\t<\/div>\n\t\t\t\t<div class=\"elementor-element elementor-element-929032e sc_fly_static elementor-widget elementor-widget-spacer\" data-id=\"929032e\" data-element_type=\"widget\" data-widget_type=\"spacer.default\">\n\t\t\t\t<div class=\"elementor-widget-container\">\n\t\t\t\t\t\t\t<div class=\"elementor-spacer\">\n\t\t\t<div class=\"elementor-spacer-inner\"><\/div>\n\t\t<\/div>\n\t\t\t\t\t\t<\/div>\n\t\t\t\t<\/div>\n\t\t\t\t<section class=\"elementor-section elementor-inner-section elementor-element elementor-element-e829a85 elementor-section-boxed elementor-section-height-default elementor-section-height-default sc_fly_static\" data-id=\"e829a85\" data-element_type=\"section\">\n\t\t\t\t\t\t<div class=\"elementor-container elementor-column-gap-no\">\n\t\t\t\t\t<div class=\"elementor-column elementor-col-50 elementor-inner-column elementor-element elementor-element-ba594bf sc_content_align_inherit sc_layouts_column_icons_position_left sc_fly_static\" data-id=\"ba594bf\" data-element_type=\"column\">\n\t\t\t<div class=\"elementor-widget-wrap elementor-element-populated\">\n\t\t\t\t\t\t<div class=\"elementor-element elementor-element-1aa6ef8 sc_fly_static elementor-widget elementor-widget-text-editor\" data-id=\"1aa6ef8\" data-element_type=\"widget\" data-widget_type=\"text-editor.default\">\n\t\t\t\t<div class=\"elementor-widget-container\">\n\t\t\t\t\t\t\t\t\t<ul class=\"trx_addons_list_dot text_link\"><li>IRS<\/li><li>IRC<\/li><li>IVA<\/li><li>Processamento de Sal\u00e1rios<\/li><\/ul>\t\t\t\t\t\t\t\t<\/div>\n\t\t\t\t<\/div>\n\t\t\t\t\t<\/div>\n\t\t<\/div>\n\t\t\t\t<div class=\"elementor-column elementor-col-50 elementor-inner-column elementor-element elementor-element-6540777 sc_content_align_inherit sc_layouts_column_icons_position_left sc_fly_static\" data-id=\"6540777\" data-element_type=\"column\">\n\t\t\t<div class=\"elementor-widget-wrap elementor-element-populated\">\n\t\t\t\t\t\t<div class=\"elementor-element elementor-element-0ca427b sc_fly_static elementor-widget elementor-widget-text-editor\" data-id=\"0ca427b\" data-element_type=\"widget\" data-widget_type=\"text-editor.default\">\n\t\t\t\t<div class=\"elementor-widget-container\">\n\t\t\t\t\t\t\t\t\t<ul class=\"trx_addons_list_dot text_link\"><li>Constitui\u00e7\u00e3o de Empresas<\/li><li>Apoio Administrativo<\/li><li>Seguros<\/li><\/ul>\t\t\t\t\t\t\t\t<\/div>\n\t\t\t\t<\/div>\n\t\t\t\t\t<\/div>\n\t\t<\/div>\n\t\t\t\t\t<\/div>\n\t\t<\/section>\n\t\t\t\t\t<\/div>\n\t\t<\/div>\n\t\t\t\t<div class=\"elementor-column elementor-col-50 elementor-top-column elementor-element elementor-element-e710d77 sc_content_align_inherit sc_layouts_column_icons_position_left sc_fly_static\" data-id=\"e710d77\" data-element_type=\"column\">\n\t\t\t<div class=\"elementor-widget-wrap elementor-element-populated\">\n\t\t\t\t\t\t<div class=\"elementor-element elementor-element-46ee20b no-title sc_fly_static elementor-widget elementor-widget-image\" data-id=\"46ee20b\" data-element_type=\"widget\" data-widget_type=\"image.default\">\n\t\t\t\t<div class=\"elementor-widget-container\">\n\t\t\t\t\t\t\t\t\t\t\t\t\t\t\t<img decoding=\"async\" src=\"https:\/\/spconta-aveiro.pt\/contabilidade\/wp-content\/uploads\/elementor\/thumbs\/image-5-r6xf35z23erqchpzv3cs8e3hu6za8k5z41700c6s98.jpg\" title=\"image-5\" alt=\"image-5\" loading=\"lazy\" \/>\t\t\t\t\t\t\t\t\t\t\t\t\t\t\t<\/div>\n\t\t\t\t<\/div>\n\t\t\t\t\t<\/div>\n\t\t<\/div>\n\t\t\t\t\t<\/div>\n\t\t<\/section>\n\t\t\t\t<section class=\"elementor-section elementor-top-section elementor-element elementor-element-2f40f70 elementor-section-full_width elementor-section-height-default elementor-section-height-default sc_fly_static\" data-id=\"2f40f70\" data-element_type=\"section\">\n\t\t\t\t\t\t<div class=\"elementor-container elementor-column-gap-no\">\n\t\t\t\t\t<div class=\"elementor-column elementor-col-100 elementor-top-column elementor-element elementor-element-c1a8dea sc_content_align_inherit sc_layouts_column_icons_position_left sc_fly_static\" data-id=\"c1a8dea\" data-element_type=\"column\">\n\t\t\t<div class=\"elementor-widget-wrap elementor-element-populated\">\n\t\t\t\t\t\t<div class=\"elementor-element elementor-element-2a8cd92 sc_height_medium sc_layouts_hide_on_mobile sc_fly_static elementor-widget elementor-widget-spacer\" data-id=\"2a8cd92\" data-element_type=\"widget\" data-widget_type=\"spacer.default\">\n\t\t\t\t<div class=\"elementor-widget-container\">\n\t\t\t\t\t\t\t<div class=\"elementor-spacer\">\n\t\t\t<div class=\"elementor-spacer-inner\"><\/div>\n\t\t<\/div>\n\t\t\t\t\t\t<\/div>\n\t\t\t\t<\/div>\n\t\t\t\t<div class=\"elementor-element elementor-element-1167263 extra-backlight size-large-2 sc_fly_static elementor-widget elementor-widget-heading\" data-id=\"1167263\" data-element_type=\"widget\" data-widget_type=\"heading.default\">\n\t\t\t\t<div class=\"elementor-widget-container\">\n\t\t\t\t\t<h2 class=\"elementor-heading-title elementor-size-xxl\">servi\u00e7os<\/h2>\t\t\t\t<\/div>\n\t\t\t\t<\/div>\n\t\t\t\t\t<\/div>\n\t\t<\/div>\n\t\t\t\t\t<\/div>\n\t\t<\/section>\n\t\t\t\t<section class=\"elementor-section elementor-top-section elementor-element elementor-element-3ff3bdb elementor-section-full_width elementor-section-height-default elementor-section-height-default sc_fly_static\" data-id=\"3ff3bdb\" data-element_type=\"section\">\n\t\t\t\t\t\t<div class=\"elementor-container elementor-column-gap-no\">\n\t\t\t\t\t<div class=\"elementor-column elementor-col-100 elementor-top-column elementor-element elementor-element-41dc43b sc_content_align_inherit sc_layouts_column_icons_position_left sc_fly_static\" data-id=\"41dc43b\" data-element_type=\"column\">\n\t\t\t<div class=\"elementor-widget-wrap elementor-element-populated\">\n\t\t\t\t\t\t<div class=\"elementor-element elementor-element-d7196bf sc_height_medium sc_layouts_hide_on_tablet sc_layouts_hide_on_mobile sc_fly_static elementor-widget elementor-widget-spacer\" data-id=\"d7196bf\" data-element_type=\"widget\" data-widget_type=\"spacer.default\">\n\t\t\t\t<div class=\"elementor-widget-container\">\n\t\t\t\t\t\t\t<div class=\"elementor-spacer\">\n\t\t\t<div class=\"elementor-spacer-inner\"><\/div>\n\t\t<\/div>\n\t\t\t\t\t\t<\/div>\n\t\t\t\t<\/div>\n\t\t\t\t<div class=\"elementor-element elementor-element-bfe7651 sc_fly_static elementor-widget elementor-widget-trx_sc_services\" data-id=\"bfe7651\" data-element_type=\"widget\" data-widget_type=\"trx_sc_services.default\">\n\t\t\t\t<div class=\"elementor-widget-container\">\n\t\t\t\t\t<div class=\"sc_services sc_services_cool sc_services_featured_top\"><div class=\"sc_services_columns_wrap sc_item_columns sc_item_posts_container sc_item_columns_4 trx_addons_columns_wrap columns_padding_bottom columns_in_single_row\"><div class=\"trx_addons_column-1_4 trx_addons_column-1_2-tablet\"><div data-post-id=\"17780\" class=\"sc_services_item sc_item_container post_container with_content with_more with_image with_number post-17780 cpt_services type-cpt_services status-publish has-post-thumbnail hentry cpt_services_group-financial\">\r\n\t\t<div class=\"sc_services_item_content \" style=\"background-image: url(https:\/\/spconta-aveiro.pt\/contabilidade\/wp-content\/uploads\/2022\/01\/image-34-840x772.jpg);\">\r\n\t\t\t\t<div class=\"sc_services_item_content_inner\"><div class=\"sc_services_item_content_inner_top\"><span class=\"sc_services_item_number\">01.<\/span><\/div><div class=\"sc_services_item_content_inner_bottom\">\r\n                <h6 class=\"sc_services_item_title\"><a href=\"https:\/\/spconta-aveiro.pt\/contabilidade\/services\/servico-contabilidade\/\">CONTABILIDADE<\/a><\/h6>\r\n                <div class=\"sc_services_item_text\"><p>Servi\u00e7o de Contabilidade<\/p>\n<\/div><div class=\"sc_services_item_button sc_item_button\">\r\n                    <a href=\"https:\/\/spconta-aveiro.pt\/contabilidade\/services\/servico-contabilidade\/\" class=\"sc_services_item_more_link\">\r\n                        <span class=\"link_text\">Read More<\/span><span class=\"link_icon\"><\/span>\r\n                    <\/a>\r\n                    <\/div><\/div><\/div><a class=\"sc_services_item_link\" href=\"https:\/\/spconta-aveiro.pt\/contabilidade\/services\/servico-contabilidade\/\"><\/a><\/div><\/div><\/div><div class=\"trx_addons_column-1_4 trx_addons_column-1_2-tablet\"><div data-post-id=\"17782\" class=\"sc_services_item sc_item_container post_container with_content with_more with_image with_number post-17782 cpt_services type-cpt_services status-publish has-post-thumbnail hentry cpt_services_group-financial\">\r\n\t\t<div class=\"sc_services_item_content \" style=\"background-image: url(https:\/\/spconta-aveiro.pt\/contabilidade\/wp-content\/uploads\/2022\/01\/image-9-840x967.jpg);\">\r\n\t\t\t\t<div class=\"sc_services_item_content_inner\"><div class=\"sc_services_item_content_inner_top\"><span class=\"sc_services_item_number\">02.<\/span><\/div><div class=\"sc_services_item_content_inner_bottom\">\r\n                <h6 class=\"sc_services_item_title\"><a href=\"https:\/\/spconta-aveiro.pt\/contabilidade\/services\/servicos-administrativos\/\">SERVI\u00c7OS ADMINISTRATIVOS<\/a><\/h6>\r\n                <div class=\"sc_services_item_text\"><p>Gest\u00e3o de Empresas<\/p>\n<\/div><div class=\"sc_services_item_button sc_item_button\">\r\n                    <a href=\"https:\/\/spconta-aveiro.pt\/contabilidade\/services\/servicos-administrativos\/\" class=\"sc_services_item_more_link\">\r\n                        <span class=\"link_text\">Read More<\/span><span class=\"link_icon\"><\/span>\r\n                    <\/a>\r\n                    <\/div><\/div><\/div><a class=\"sc_services_item_link\" href=\"https:\/\/spconta-aveiro.pt\/contabilidade\/services\/servicos-administrativos\/\"><\/a><\/div><\/div><\/div><div class=\"trx_addons_column-1_4 trx_addons_column-1_2-tablet\"><div data-post-id=\"17784\" class=\"sc_services_item sc_item_container post_container with_content with_more with_image with_number post-17784 cpt_services type-cpt_services status-publish has-post-thumbnail hentry cpt_services_group-financial\">\r\n\t\t<div class=\"sc_services_item_content \" style=\"background-image: url(https:\/\/spconta-aveiro.pt\/contabilidade\/wp-content\/uploads\/2022\/01\/image-11-840x958.jpg);\">\r\n\t\t\t\t<div class=\"sc_services_item_content_inner\"><div class=\"sc_services_item_content_inner_top\"><span class=\"sc_services_item_number\">03.<\/span><\/div><div class=\"sc_services_item_content_inner_bottom\">\r\n                <h6 class=\"sc_services_item_title\"><a href=\"https:\/\/spconta-aveiro.pt\/contabilidade\/services\/fiscalidade\/\">FISCALIDADE<\/a><\/h6>\r\n                <div class=\"sc_services_item_text\"><p>Declara\u00e7\u00f5es Fiscais (IVA, IRS, IRC, IES entre outras)<\/p>\n<\/div><div class=\"sc_services_item_button sc_item_button\">\r\n                    <a href=\"https:\/\/spconta-aveiro.pt\/contabilidade\/services\/fiscalidade\/\" class=\"sc_services_item_more_link\">\r\n                        <span class=\"link_text\">Read More<\/span><span class=\"link_icon\"><\/span>\r\n                    <\/a>\r\n                    <\/div><\/div><\/div><a class=\"sc_services_item_link\" href=\"https:\/\/spconta-aveiro.pt\/contabilidade\/services\/fiscalidade\/\"><\/a><\/div><\/div><\/div><div class=\"trx_addons_column-1_4 trx_addons_column-1_2-tablet\"><div data-post-id=\"17786\" class=\"sc_services_item sc_item_container post_container with_content with_more with_image with_number post-17786 cpt_services type-cpt_services status-publish has-post-thumbnail hentry cpt_services_group-financial\">\r\n\t\t<div class=\"sc_services_item_content \" style=\"background-image: url(https:\/\/spconta-aveiro.pt\/contabilidade\/wp-content\/uploads\/2020\/04\/image-4-840x560.jpg);\">\r\n\t\t\t\t<div class=\"sc_services_item_content_inner\"><div class=\"sc_services_item_content_inner_top\"><span class=\"sc_services_item_number\">04.<\/span><\/div><div class=\"sc_services_item_content_inner_bottom\">\r\n                <h6 class=\"sc_services_item_title\"><a href=\"https:\/\/spconta-aveiro.pt\/contabilidade\/services\/gestao-de-empresas\/\">APOIO PERMANENTE NA GEST\u00c3O<\/a><\/h6>\r\n                <div class=\"sc_services_item_text\"><p>Gest\u00e3o de Empresas<\/p>\n<\/div><div class=\"sc_services_item_button sc_item_button\">\r\n                    <a href=\"https:\/\/spconta-aveiro.pt\/contabilidade\/services\/gestao-de-empresas\/\" class=\"sc_services_item_more_link\">\r\n                        <span class=\"link_text\">Read More<\/span><span class=\"link_icon\"><\/span>\r\n                    <\/a>\r\n                    <\/div><\/div><\/div><a class=\"sc_services_item_link\" href=\"https:\/\/spconta-aveiro.pt\/contabilidade\/services\/gestao-de-empresas\/\"><\/a><\/div><\/div><\/div><\/div><\/div>\t\t\t\t<\/div>\n\t\t\t\t<\/div>\n\t\t\t\t\t<\/div>\n\t\t<\/div>\n\t\t\t\t\t<\/div>\n\t\t<\/section>\n\t\t\t\t<section class=\"elementor-section elementor-top-section elementor-element elementor-element-8a9e605 elementor-section-boxed elementor-section-height-default elementor-section-height-default sc_fly_static\" data-id=\"8a9e605\" data-element_type=\"section\" data-settings=\"{&quot;background_background&quot;:&quot;classic&quot;}\">\n\t\t\t\t\t\t<div class=\"elementor-container elementor-column-gap-extended\">\n\t\t\t\t\t<div class=\"elementor-column elementor-col-100 elementor-top-column elementor-element elementor-element-4c4b96b sc_content_align_inherit sc_layouts_column_icons_position_left sc_fly_static\" data-id=\"4c4b96b\" data-element_type=\"column\">\n\t\t\t<div class=\"elementor-widget-wrap elementor-element-populated\">\n\t\t\t\t\t\t<div class=\"elementor-element elementor-element-910d208 sc_height_huge sc_fly_static elementor-widget elementor-widget-spacer\" data-id=\"910d208\" data-element_type=\"widget\" data-widget_type=\"spacer.default\">\n\t\t\t\t<div class=\"elementor-widget-container\">\n\t\t\t\t\t\t\t<div class=\"elementor-spacer\">\n\t\t\t<div class=\"elementor-spacer-inner\"><\/div>\n\t\t<\/div>\n\t\t\t\t\t\t<\/div>\n\t\t\t\t<\/div>\n\t\t\t\t<div class=\"elementor-element elementor-element-aad9985 sc_layouts_hide_on_tablet sc_layouts_hide_on_mobile sc_fly_static elementor-widget elementor-widget-spacer\" data-id=\"aad9985\" data-element_type=\"widget\" data-widget_type=\"spacer.default\">\n\t\t\t\t<div class=\"elementor-widget-container\">\n\t\t\t\t\t\t\t<div class=\"elementor-spacer\">\n\t\t\t<div class=\"elementor-spacer-inner\"><\/div>\n\t\t<\/div>\n\t\t\t\t\t\t<\/div>\n\t\t\t\t<\/div>\n\t\t\t\t\t<\/div>\n\t\t<\/div>\n\t\t\t\t\t<\/div>\n\t\t<\/section>\n\t\t\t\t<section class=\"elementor-section elementor-top-section elementor-element elementor-element-a4af909 elementor-section-boxed elementor-section-height-default elementor-section-height-default sc_fly_static\" data-id=\"a4af909\" data-element_type=\"section\">\n\t\t\t\t\t\t<div class=\"elementor-container elementor-column-gap-extended\">\n\t\t\t\t\t<div class=\"elementor-column elementor-col-50 elementor-top-column elementor-element elementor-element-943e6c5 sc_content_align_inherit sc_layouts_column_icons_position_left sc_fly_static\" data-id=\"943e6c5\" data-element_type=\"column\">\n\t\t\t<div class=\"elementor-widget-wrap elementor-element-populated\">\n\t\t\t\t\t\t<div class=\"elementor-element elementor-element-5a8a58d sc_fly_static elementor-widget elementor-widget-trx_sc_title\" data-id=\"5a8a58d\" data-element_type=\"widget\" data-widget_type=\"trx_sc_title.default\">\n\t\t\t\t<div class=\"elementor-widget-container\">\n\t\t\t\t\t<div\t\tclass=\"sc_title sc_title_default\" ><span class=\"sc_item_subtitle sc_title_subtitle sc_item_subtitle_above sc_item_title_style_default\">Mais valias<\/span><h2 class=\"sc_item_title sc_title_title sc_item_title_style_default\"\n\t\t\t><span class=\"sc_item_title_text\">Apesar da evolu\u00e7\u00e3o no processamento dos assuntos fiscais, e mat\u00e9rias relacionadas com os tributos, quer individuais como empresarias, n\u00e3o significam que esta atividade se encontre ao alcance de qualquer um.\n\nEstes assuntos s\u00e3o, por vezes, uma dor de cabe\u00e7a. E a sua complexidade pode conduzir a perdas de tempo e dinheiro!\n\n \n\nConfie em profissionais qualificados .<\/span><\/h2><\/div>\t\t\t\t<\/div>\n\t\t\t\t<\/div>\n\t\t\t\t\t<\/div>\n\t\t<\/div>\n\t\t\t\t<div class=\"elementor-column elementor-col-50 elementor-top-column elementor-element elementor-element-8162589 sc_content_align_inherit sc_layouts_column_icons_position_left sc_fly_static\" data-id=\"8162589\" data-element_type=\"column\">\n\t\t\t<div class=\"elementor-widget-wrap elementor-element-populated\">\n\t\t\t\t\t\t<div class=\"elementor-element elementor-element-978379d sc_fly_static elementor-widget elementor-widget-spacer\" data-id=\"978379d\" data-element_type=\"widget\" data-widget_type=\"spacer.default\">\n\t\t\t\t<div class=\"elementor-widget-container\">\n\t\t\t\t\t\t\t<div class=\"elementor-spacer\">\n\t\t\t<div class=\"elementor-spacer-inner\"><\/div>\n\t\t<\/div>\n\t\t\t\t\t\t<\/div>\n\t\t\t\t<\/div>\n\t\t\t\t<div class=\"elementor-element elementor-element-fd8a3e7 sc_fly_static elementor-widget elementor-widget-text-editor\" data-id=\"fd8a3e7\" data-element_type=\"widget\" data-widget_type=\"text-editor.default\">\n\t\t\t\t<div class=\"elementor-widget-container\">\n\t\t\t\t\t\t\t\t\t<p>Na SP CONTA, realizamos consultadoria na pr\u00f3pria empresa do cliente, quer a n\u00edvel contabil\u00edstico, fiscal e\/ou de gest\u00e3o do seu neg\u00f3cio. Revemos e otimizamos os m\u00e9todos existentes ligados com os servi\u00e7os Administrativo-Financeiros e Contabilidade, mantendo-os atualizados.<\/p><p class=\"p1\"><span class=\"s1\">A SP CONTA \u00e9 uma empresa de contabilidade que presta servi\u00e7os personalizados aos seus clientes, de acordo com as suas necessidades reais.<\/span><\/p><p class=\"p1\"><span class=\"s1\">A SP CONTA atua como entidade externa, assumindo uma posi\u00e7\u00e3o bastante pr\u00f3xima com o cliente<\/span>. O nosso trabalho caracteriza-se pela vasta experi\u00eancia no mercado e trabalho rigoroso ao longo dos anos.<\/p>\t\t\t\t\t\t\t\t<\/div>\n\t\t\t\t<\/div>\n\t\t\t\t<div class=\"elementor-element elementor-element-7aab174 sc_height_small sc_fly_static elementor-widget elementor-widget-spacer\" data-id=\"7aab174\" data-element_type=\"widget\" data-widget_type=\"spacer.default\">\n\t\t\t\t<div class=\"elementor-widget-container\">\n\t\t\t\t\t\t\t<div class=\"elementor-spacer\">\n\t\t\t<div class=\"elementor-spacer-inner\"><\/div>\n\t\t<\/div>\n\t\t\t\t\t\t<\/div>\n\t\t\t\t<\/div>\n\t\t\t\t<div class=\"elementor-element elementor-element-2935cfe sc_layouts_hide_on_tablet sc_layouts_hide_on_mobile sc_fly_static elementor-widget elementor-widget-trx_sc_button\" data-id=\"2935cfe\" data-element_type=\"widget\" data-widget_type=\"trx_sc_button.default\">\n\t\t\t\t<div class=\"elementor-widget-container\">\n\t\t\t\t\t<div\tclass=\"sc_item_button sc_button_wrap\" ><a href=\"https:\/\/spconta-aveiro.pt\/contabilidade\/contactos\" class=\"sc_button hide_on_mobile hide_on_tablet sc_button_default sc_button_size_normal sc_button_icon_left\" ><span class=\"sc_button_text\"><span class=\"sc_button_title\">Fale connosco<\/span><\/span><\/a><\/div>\t\t\t\t<\/div>\n\t\t\t\t<\/div>\n\t\t\t\t\t<\/div>\n\t\t<\/div>\n\t\t\t\t\t<\/div>\n\t\t<\/section>\n\t\t\t\t<section class=\"elementor-section elementor-top-section elementor-element elementor-element-0afac77 elementor-section-boxed elementor-section-height-default elementor-section-height-default sc_fly_static\" data-id=\"0afac77\" data-element_type=\"section\" data-settings=\"{&quot;background_background&quot;:&quot;classic&quot;}\">\n\t\t\t\t\t\t<div class=\"elementor-container elementor-column-gap-extended\">\n\t\t\t\t\t<div class=\"elementor-column elementor-col-100 elementor-top-column elementor-element elementor-element-715ff4f sc_content_align_inherit sc_layouts_column_icons_position_left sc_fly_static\" data-id=\"715ff4f\" data-element_type=\"column\">\n\t\t\t<div class=\"elementor-widget-wrap elementor-element-populated\">\n\t\t\t\t\t\t<div class=\"elementor-element elementor-element-2937bc3 sc_height_huge sc_fly_static elementor-widget elementor-widget-spacer\" data-id=\"2937bc3\" data-element_type=\"widget\" data-widget_type=\"spacer.default\">\n\t\t\t\t<div class=\"elementor-widget-container\">\n\t\t\t\t\t\t\t<div class=\"elementor-spacer\">\n\t\t\t<div class=\"elementor-spacer-inner\"><\/div>\n\t\t<\/div>\n\t\t\t\t\t\t<\/div>\n\t\t\t\t<\/div>\n\t\t\t\t<div class=\"elementor-element elementor-element-37bd57a sc_layouts_hide_on_tablet sc_layouts_hide_on_mobile sc_fly_static elementor-widget elementor-widget-spacer\" data-id=\"37bd57a\" data-element_type=\"widget\" data-widget_type=\"spacer.default\">\n\t\t\t\t<div class=\"elementor-widget-container\">\n\t\t\t\t\t\t\t<div class=\"elementor-spacer\">\n\t\t\t<div class=\"elementor-spacer-inner\"><\/div>\n\t\t<\/div>\n\t\t\t\t\t\t<\/div>\n\t\t\t\t<\/div>\n\t\t\t\t\t<\/div>\n\t\t<\/div>\n\t\t\t\t\t<\/div>\n\t\t<\/section>\n\t\t\t\t<\/div>\n\t\t","protected":false},"excerpt":{"rendered":"<p>SP CONTA &#8211; Contabilidade e Gest\u00e3o de Empresas Os Nossos Compromissos Facultamos aos nossos clientes o acesso em qualquer parte do Mundo aos elementos das suas empresas (consultas a movimentos,&hellip;<\/p>\n","protected":false},"author":1,"featured_media":0,"parent":0,"menu_order":0,"comment_status":"closed","ping_status":"closed","template":"","meta":{"pagelayer_contact_templates":[],"_pagelayer_content":"","footnotes":""},"class_list":["post-18703","page","type-page","status-publish","hentry"],"_links":{"self":[{"href":"https:\/\/spconta-aveiro.pt\/contabilidade\/wp-json\/wp\/v2\/pages\/18703","targetHints":{"allow":["GET"]}}],"collection":[{"href":"https:\/\/spconta-aveiro.pt\/contabilidade\/wp-json\/wp\/v2\/pages"}],"about":[{"href":"https:\/\/spconta-aveiro.pt\/contabilidade\/wp-json\/wp\/v2\/types\/page"}],"author":[{"embeddable":true,"href":"https:\/\/spconta-aveiro.pt\/contabilidade\/wp-json\/wp\/v2\/users\/1"}],"replies":[{"embeddable":true,"href":"https:\/\/spconta-aveiro.pt\/contabilidade\/wp-json\/wp\/v2\/comments?post=18703"}],"version-history":[{"count":16,"href":"https:\/\/spconta-aveiro.pt\/contabilidade\/wp-json\/wp\/v2\/pages\/18703\/revisions"}],"predecessor-version":[{"id":21452,"href":"https:\/\/spconta-aveiro.pt\/contabilidade\/wp-json\/wp\/v2\/pages\/18703\/revisions\/21452"}],"wp:attachment":[{"href":"https:\/\/spconta-aveiro.pt\/contabilidade\/wp-json\/wp\/v2\/media?parent=18703"}],"curies":[{"name":"wp","href":"https:\/\/api.w.org\/{rel}","templated":true}]}}